{"id":192,"date":"2023-04-28T17:14:46","date_gmt":"2023-04-28T17:14:46","guid":{"rendered":"https:\/\/coucevineyards.com\/?page_id=192"},"modified":"2024-11-19T18:42:25","modified_gmt":"2024-11-19T18:42:25","slug":"argentine","status":"publish","type":"page","link":"https:\/\/coucevineyards.com\/es\/argentine\/","title":{"rendered":"Argentine"},"content":{"rendered":"<p>[et_pb_section fb_built=&#8221;1&#8243; _builder_version=&#8221;4.16&#8243; _module_preset=&#8221;default&#8221; use_background_color_gradient=&#8221;on&#8221; background_color_gradient_stops=&#8221;#782752 30%|#ffffff 30%&#8221; background_color_gradient_start=&#8221;#782752&#8243; background_color_gradient_start_position=&#8221;30%&#8221; background_color_gradient_end=&#8221;#ffffff&#8221; background_color_gradient_end_position=&#8221;30%&#8221; custom_padding=&#8221;0px||||false|false&#8221; global_colors_info=&#8221;{}&#8221;][et_pb_row _builder_version=&#8221;4.16&#8243; _module_preset=&#8221;default&#8221; global_colors_info=&#8221;{}&#8221;][et_pb_column type=&#8221;4_4&#8243; _builder_version=&#8221;4.16&#8243; _module_preset=&#8221;default&#8221; global_colors_info=&#8221;{}&#8221;][et_pb_gallery gallery_ids=&#8221;482,481&#8243; fullwidth=&#8221;on&#8221; _builder_version=&#8221;4.21.0&#8243; _module_preset=&#8221;default&#8221; background_color=&#8221;#000000&#8243; auto=&#8221;on&#8221; auto_speed=&#8221;3000&#8243; global_colors_info=&#8221;{}&#8221;][\/et_pb_gallery][\/et_pb_column][\/et_pb_row][et_pb_row column_structure=&#8221;1_4,1_4,1_4,1_4&#8243; _builder_version=&#8221;4.16&#8243; _module_preset=&#8221;default&#8221; global_colors_info=&#8221;{}&#8221;][et_pb_column type=&#8221;1_4&#8243; _builder_version=&#8221;4.16&#8243; _module_preset=&#8221;default&#8221; global_colors_info=&#8221;{}&#8221;][et_pb_blurb title=&#8221;Formas de pago&#8221; use_icon=&#8221;on&#8221; font_icon=&#8221;&#xe014;||divi||400&#8243; icon_placement=&#8221;left&#8221; image_icon_width=&#8221;30px&#8221; _builder_version=&#8221;4.16&#8243; _module_preset=&#8221;default&#8221; icon_font_size=&#8221;30px&#8221; global_colors_info=&#8221;{}&#8221;]Abon\u00e1 tu pedido con las principales tarjetas de cr\u00e9dito y d\u00e9bito del pa\u00eds, de forma segura por medio de MercadoPago.[\/et_pb_blurb][\/et_pb_column][et_pb_column type=&#8221;1_4&#8243; _builder_version=&#8221;4.16&#8243; _module_preset=&#8221;default&#8221; global_colors_info=&#8221;{}&#8221;][et_pb_blurb title=&#8221;Env\u00edos&#8221; use_icon=&#8221;on&#8221; font_icon=&#8221;&#xe013;||divi||400&#8243; icon_placement=&#8221;left&#8221; image_icon_width=&#8221;30px&#8221; _builder_version=&#8221;4.16&#8243; _module_preset=&#8221;default&#8221; icon_font_size=&#8221;30px&#8221; global_colors_info=&#8221;{}&#8221;]<\/p>\n<p>Env\u00edos <strong>GRATIS<\/strong> en CABA y AMBA Y PILAR en el d\u00eda si compras antes de las 14 hs. de lunes a viernes.<\/p>\n<p>[\/et_pb_blurb][\/et_pb_column][et_pb_column type=&#8221;1_4&#8243; _builder_version=&#8221;4.16&#8243; _module_preset=&#8221;default&#8221; global_colors_info=&#8221;{}&#8221;][et_pb_blurb title=&#8221;Contacto&#8221; use_icon=&#8221;on&#8221; font_icon=&#8221;&#xe00b;||divi||400&#8243; icon_placement=&#8221;left&#8221; image_icon_width=&#8221;30px&#8221; _builder_version=&#8221;4.16&#8243; _module_preset=&#8221;default&#8221; icon_font_size=&#8221;30px&#8221; global_colors_info=&#8221;{}&#8221;]<\/p>\n<p>info@coucevineyards.com<br \/> Whatsapp\u00a0<strong>+54 9 11 5892-0105<\/strong><\/p>\n<p>[\/et_pb_blurb][\/et_pb_column][et_pb_column type=&#8221;1_4&#8243; _builder_version=&#8221;4.16&#8243; _module_preset=&#8221;default&#8221; global_colors_info=&#8221;{}&#8221;][et_pb_blurb title=&#8221;Seguinos&#8221; use_icon=&#8221;on&#8221; font_icon=&#8221;&#xe030;||divi||400&#8243; icon_placement=&#8221;left&#8221; image_icon_width=&#8221;30px&#8221; _builder_version=&#8221;4.16&#8243; _module_preset=&#8221;default&#8221; icon_font_size=&#8221;30px&#8221; global_colors_info=&#8221;{}&#8221;][\/et_pb_blurb][et_pb_social_media_follow _builder_version=&#8221;4.16&#8243; _module_preset=&#8221;default&#8221; global_colors_info=&#8221;{}&#8221;][et_pb_social_media_follow_network social_network=&#8221;instagram&#8221; url=&#8221;https:\/\/www.instagram.com\/coucevineyards\/&#8221; _builder_version=&#8221;4.16&#8243; _module_preset=&#8221;default&#8221; background_color=&#8221;#ea2c59&#8243; global_colors_info=&#8221;{}&#8221; follow_button=&#8221;off&#8221; url_new_window=&#8221;on&#8221;]instagram[\/et_pb_social_media_follow_network][et_pb_social_media_follow_network social_network=&#8221;linkedin&#8221; url=&#8221;https:\/\/www.linkedin.com\/company\/74485021\/admin\/&#8221; _builder_version=&#8221;4.16&#8243; _module_preset=&#8221;default&#8221; background_color=&#8221;#007bb6&#8243; global_colors_info=&#8221;{}&#8221; follow_button=&#8221;off&#8221; url_new_window=&#8221;on&#8221;]linkedin[\/et_pb_social_media_follow_network][\/et_pb_social_media_follow][\/et_pb_column][\/et_pb_row][\/et_pb_section][et_pb_section fb_built=&#8221;1&#8243; admin_label=&#8221;Bottle&#8221; _builder_version=&#8221;4.16&#8243; background_color=&#8221;#ffffff&#8221; background_enable_image=&#8221;off&#8221; background_size=&#8221;initial&#8221; custom_padding=&#8221;0px|||||&#8221; saved_tabs=&#8221;all&#8221; locked=&#8221;off&#8221; global_colors_info=&#8221;{}&#8221;][et_pb_row _builder_version=&#8221;4.16&#8243; _module_preset=&#8221;default&#8221; global_colors_info=&#8221;{}&#8221;][et_pb_column type=&#8221;4_4&#8243; _builder_version=&#8221;4.16&#8243; _module_preset=&#8221;default&#8221; global_colors_info=&#8221;{}&#8221;][et_pb_shop type=&#8221;product_category&#8221; include_categories=&#8221;23&#8243; columns_number=&#8221;3&#8243; _builder_version=&#8221;4.27.0&#8243; _module_preset=&#8221;default&#8221; title_text_align=&#8221;center&#8221; price_font=&#8221;|700|||||||&#8221; price_text_align=&#8221;center&#8221; hover_enabled=&#8221;0&#8243; global_colors_info=&#8221;{}&#8221; posts_number=&#8221;30&#8243; sticky_enabled=&#8221;0&#8243;][\/et_pb_shop][\/et_pb_column][\/et_pb_row][et_pb_row _builder_version=&#8221;4.16&#8243; _module_preset=&#8221;default&#8221; global_colors_info=&#8221;{}&#8221;][et_pb_column type=&#8221;4_4&#8243; _builder_version=&#8221;4.16&#8243; _module_preset=&#8221;default&#8221; global_colors_info=&#8221;{}&#8221;][et_pb_shop type=&#8221;product_category&#8221; include_categories=&#8221;29&#8243; columns_number=&#8221;4&#8243; _builder_version=&#8221;4.22.1&#8243; _module_preset=&#8221;default&#8221; title_text_align=&#8221;center&#8221; price_font=&#8221;|700|||||||&#8221; price_text_align=&#8221;center&#8221; global_colors_info=&#8221;{}&#8221;][\/et_pb_shop][\/et_pb_column][\/et_pb_row][et_pb_row _builder_version=&#8221;4.16&#8243; _module_preset=&#8221;default&#8221; custom_padding=&#8221;0px|||||&#8221; global_colors_info=&#8221;{}&#8221;][et_pb_column type=&#8221;4_4&#8243; _builder_version=&#8221;4.16&#8243; _module_preset=&#8221;default&#8221; global_colors_info=&#8221;{}&#8221;][et_pb_shop type=&#8221;product_category&#8221; include_categories=&#8221;22&#8243; columns_number=&#8221;3&#8243; _builder_version=&#8221;4.21.0&#8243; _module_preset=&#8221;default&#8221; title_text_align=&#8221;center&#8221; price_font=&#8221;|700|||||||&#8221; price_text_align=&#8221;center&#8221; global_colors_info=&#8221;{}&#8221;][\/et_pb_shop][\/et_pb_column][\/et_pb_row][\/et_pb_section][et_pb_section fb_built=&#8221;1&#8243; _builder_version=&#8221;4.16&#8243; _module_preset=&#8221;default&#8221; background_color=&#8221;#782752&#8243; custom_padding=&#8221;15px||10px||false|false&#8221; global_colors_info=&#8221;{}&#8221;][et_pb_row _builder_version=&#8221;4.16&#8243; _module_preset=&#8221;default&#8221; global_colors_info=&#8221;{}&#8221;][et_pb_column type=&#8221;4_4&#8243; _builder_version=&#8221;4.16&#8243; _module_preset=&#8221;default&#8221; global_colors_info=&#8221;{}&#8221;][et_pb_text _builder_version=&#8221;4.16&#8243; _module_preset=&#8221;default&#8221; header_font=&#8221;Montserrat||||||||&#8221; header_text_align=&#8221;center&#8221; header_text_color=&#8221;#ffffff&#8221; header_font_size=&#8221;20px&#8221; header_font_size_tablet=&#8221;&#8221; header_font_size_phone=&#8221;18px&#8221; header_font_size_last_edited=&#8221;on|desktop&#8221; global_colors_info=&#8221;{}&#8221;]<\/p>\n<h1>BEBER CON MODERACI\u00d3N. PROHIBIDA SU VENTA A MENORES DE 18 A\u00d1OS<\/h1>\n<p>[\/et_pb_text][\/et_pb_column][\/et_pb_row][\/et_pb_section][et_pb_section fb_built=&#8221;1&#8243; _builder_version=&#8221;4.16&#8243; _module_preset=&#8221;default&#8221; background_image=&#8221;https:\/\/coucevineyards.com\/wp-content\/uploads\/2023\/05\/back-old.jpg&#8221; global_colors_info=&#8221;{}&#8221;][et_pb_row _builder_version=&#8221;4.16&#8243; _module_preset=&#8221;default&#8221; global_colors_info=&#8221;{}&#8221;][et_pb_column type=&#8221;4_4&#8243; _builder_version=&#8221;4.16&#8243; _module_preset=&#8221;default&#8221; global_colors_info=&#8221;{}&#8221;][et_pb_text _builder_version=&#8221;4.16&#8243; _module_preset=&#8221;default&#8221; global_colors_info=&#8221;{}&#8221;]<\/p>\n<h2>Preguntas Frecuentes<\/h2>\n<p><strong>\u00bfC\u00f3mo comprar?<\/strong><br \/> Realizar una compra en COUCE VINEYARDS es muy simple. Sigue estos pasos:<\/p>\n<ol>\n<li>Eleg\u00ed los productos que vas a comprar: Si quer\u00e9s m\u00e1s de uno, s\u00famalos a tu carrito.<\/li>\n<li>Pag\u00e1 con el medio de pago que quieras: Abon\u00e1 tu pedido con las principales tarjetas de cr\u00e9dito y d\u00e9bito del pa\u00eds, de forma segura por medio de MercadoPago.<\/li>\n<li>Recib\u00ed el producto que esper\u00e1s:<\/li>\n<\/ol>\n<p><strong>Formas de Env\u00edo:<\/strong> Realizamos GRATIS en CABA y AMBA y Pilar. Si compras antes de las 14 hs. el env\u00edo te llega en el d\u00eda de lunes a viernes.<\/p>\n<p>Env\u00edos al interior del pa\u00eds se env\u00edan por Correo Argentino.<\/p>\n<p><strong>\u00bfQu\u00e9 debo hacer si el producto no llega en buen estado?<br \/> <\/strong>Ponte en contacto con nosotros <a href=\"mailto:info@coucewineyards.com\">info@coucewineyards.com<\/a> o por whatsapp al +54 9 11 5892-0105<\/p>\n<p>[\/et_pb_text][\/et_pb_column][\/et_pb_row][\/et_pb_section][et_pb_section fb_built=&#8221;1&#8243; admin_label=&#8221;Subscribe&#8221; module_id=&#8221;club&#8221; _builder_version=&#8221;4.16&#8243; background_color=&#8221;#f9f5f1&#8243; background_image=&#8221;https:\/\/coucevineyards.com\/wp-content\/uploads\/2023\/05\/banner-bottom.jpg&#8221; background_position=&#8221;top_center&#8221; custom_padding=&#8221;||||false|false&#8221; saved_tabs=&#8221;all&#8221; locked=&#8221;off&#8221; global_colors_info=&#8221;{}&#8221;][et_pb_row custom_padding_last_edited=&#8221;on|phone&#8221; _builder_version=&#8221;4.21.0&#8243; use_background_color_gradient=&#8221;on&#8221; background_color_gradient_stops=&#8221;rgba(127,101,130,0.52) 0%|rgba(89,82,94,0.75) 100%&#8221; background_color_gradient_overlays_image=&#8221;on&#8221; background_color_gradient_start=&#8221;rgba(127,101,130,0.32)&#8221; background_color_gradient_end=&#8221;rgba(63,61,56,0.51)&#8221; background_enable_image=&#8221;off&#8221; custom_padding=&#8221;60px|60px|60px|60px|false|true&#8221; custom_padding_tablet=&#8221;30px|30px|30px|30px|true|true&#8221; custom_padding_phone=&#8221;20px|20px|20px|20px|true|true&#8221; global_colors_info=&#8221;{}&#8221;][et_pb_column type=&#8221;4_4&#8243; _builder_version=&#8221;4.21.0&#8243; custom_padding=&#8221;40px|40px|40px|40px|true|true&#8221; custom_padding_tablet=&#8221;20px|20px|20px|20px|true|true&#8221; custom_padding_phone=&#8221;&#8221; custom_padding_last_edited=&#8221;on|tablet&#8221; border_color_all=&#8221;#7c2653&#8243; border_width_bottom_tablet=&#8221;2px&#8221; border_width_bottom_phone=&#8221;&#8221; border_width_bottom_last_edited=&#8221;on|tablet&#8221; global_colors_info=&#8221;{}&#8221;][et_pb_signup mailchimp_list=&#8221;elegantthemestest|1ea2bbd026&#8243; layout=&#8221;top_bottom&#8221; first_name_field=&#8221;off&#8221; last_name_field=&#8221;off&#8221; title=&#8221;Suscribite a nuestro Wine Club y recib\u00ed ofertas exclusivas&#8221; button_text=&#8221;Subscribirme&#8221; _builder_version=&#8221;4.21.0&#8243; form_field_background_color=&#8221;rgba(0,0,0,0)&#8221; form_field_text_color=&#8221;#ffffff&#8221; header_font=&#8221;Lora||||||||&#8221; header_text_align=&#8221;center&#8221; header_font_size=&#8221;32px&#8221; header_line_height=&#8221;1.2em&#8221; form_field_font=&#8221;Lora||||||||&#8221; use_background_color=&#8221;off&#8221; custom_button=&#8221;on&#8221; button_text_size=&#8221;14px&#8221; button_text_color=&#8221;#280400&#8243; button_bg_color=&#8221;#ffffff&#8221; button_border_width=&#8221;0px&#8221; button_border_radius=&#8221;0px&#8221; button_font=&#8221;Lora||on||||||&#8221; button_use_icon=&#8221;off&#8221; button_custom_padding=&#8221;20px|70px|20px|70px|true|true&#8221; button_custom_padding_tablet=&#8221;18px|50px|18px|50px|true|true&#8221; button_custom_padding_phone=&#8221;16px|40px|16px|40px|true|true&#8221; button_custom_padding_last_edited=&#8221;on|phone&#8221; header_font_size_tablet=&#8221;40px&#8221; header_font_size_phone=&#8221;28px&#8221; header_font_size_last_edited=&#8221;on|phone&#8221; header_line_height_tablet=&#8221;1.4em&#8221; header_line_height_phone=&#8221;&#8221; header_line_height_last_edited=&#8221;on|phone&#8221; border_radii_fields=&#8221;on|0px|0px|0px|0px&#8221; border_width_all_fields=&#8221;2px&#8221; border_color_all_fields=&#8221;rgba(232,226,215,0.5)&#8221; locked=&#8221;off&#8221; global_colors_info=&#8221;{}&#8221; button_text_color__hover=&#8221;#e8e2d7&#8243; button_text_color__hover_enabled=&#8221;off|hover&#8221; button_bg_color__hover=&#8221;#e8e2d7&#8243; button_bg_color__hover_enabled=&#8221;on|desktop&#8221; border_color_all_fields__hover_enabled=&#8221;on|hover&#8221; border_color_all_fields__hover=&#8221;#ffffff&#8221; button_bg_enable_color__hover=&#8221;on&#8221;][\/et_pb_signup][\/et_pb_column][\/et_pb_row][\/et_pb_section]<\/p>\n","protected":false},"excerpt":{"rendered":"<p>Abon\u00e1 tu pedido con las principales tarjetas de cr\u00e9dito y d\u00e9bito del pa\u00eds, de forma segura por medio de MercadoPago.Env\u00edos GRATIS en CABA y AMBA Y PILAR en el d\u00eda si compras antes de las 14 hs. de lunes a viernes.info@coucevineyards.com Whatsapp\u00a0+54 9 11 5892-0105BEBER CON MODERACI\u00d3N. PROHIBIDA SU VENTA A MENORES DE 18 A\u00d1OSPreguntas [&hellip;]<\/p>\n","protected":false},"author":1,"featured_media":0,"parent":0,"menu_order":0,"comment_status":"closed","ping_status":"closed","template":"","meta":{"_et_pb_use_builder":"on","_et_pb_old_content":"","_et_gb_content_width":"","_joinchat":[],"footnotes":""},"class_list":["post-192","page","type-page","status-publish","hentry"],"yoast_head":"<!-- This site is optimized with the Yoast SEO plugin v27.5 - https:\/\/yoast.com\/product\/yoast-seo-wordpress\/ -->\n<title>Argentine - Couce Vineyards<\/title>\n<meta name=\"robots\" content=\"index, follow, max-snippet:-1, max-image-preview:large, max-video-preview:-1\" \/>\n<link rel=\"canonical\" href=\"https:\/\/coucevineyards.com\/es\/argentine\/\" \/>\n<meta property=\"og:locale\" content=\"es_ES\" \/>\n<meta property=\"og:type\" content=\"article\" \/>\n<meta property=\"og:title\" content=\"Argentine - Couce Vineyards\" \/>\n<meta property=\"og:description\" content=\"Abon\u00e1 tu pedido con las principales tarjetas de cr\u00e9dito y d\u00e9bito del pa\u00eds, de forma segura por medio de MercadoPago.Env\u00edos GRATIS en CABA y AMBA Y PILAR en el d\u00eda si compras antes de las 14 hs. de lunes a viernes.info@coucevineyards.com Whatsapp\u00a0+54 9 11 5892-0105BEBER CON MODERACI\u00d3N. PROHIBIDA SU VENTA A MENORES DE 18 A\u00d1OSPreguntas [&hellip;]\" \/>\n<meta property=\"og:url\" content=\"https:\/\/coucevineyards.com\/es\/argentine\/\" \/>\n<meta property=\"og:site_name\" content=\"Couce Vineyards\" \/>\n<meta property=\"article:modified_time\" content=\"2024-11-19T18:42:25+00:00\" \/>\n<meta name=\"twitter:card\" content=\"summary_large_image\" \/>\n<meta name=\"twitter:label1\" content=\"Tiempo de lectura\" \/>\n\t<meta name=\"twitter:data1\" content=\"7 minutos\" \/>\n<script type=\"application\/ld+json\" class=\"yoast-schema-graph\">{\"@context\":\"https:\\\/\\\/schema.org\",\"@graph\":[{\"@type\":\"WebPage\",\"@id\":\"https:\\\/\\\/coucevineyards.com\\\/argentine\\\/\",\"url\":\"https:\\\/\\\/coucevineyards.com\\\/argentine\\\/\",\"name\":\"Argentine - Couce Vineyards\",\"isPartOf\":{\"@id\":\"https:\\\/\\\/coucevineyards.com\\\/#website\"},\"datePublished\":\"2023-04-28T17:14:46+00:00\",\"dateModified\":\"2024-11-19T18:42:25+00:00\",\"breadcrumb\":{\"@id\":\"https:\\\/\\\/coucevineyards.com\\\/argentine\\\/#breadcrumb\"},\"inLanguage\":\"es-AR\",\"potentialAction\":[{\"@type\":\"ReadAction\",\"target\":[\"https:\\\/\\\/coucevineyards.com\\\/argentine\\\/\"]}]},{\"@type\":\"BreadcrumbList\",\"@id\":\"https:\\\/\\\/coucevineyards.com\\\/argentine\\\/#breadcrumb\",\"itemListElement\":[{\"@type\":\"ListItem\",\"position\":1,\"name\":\"Portada\",\"item\":\"https:\\\/\\\/coucevineyards.com\\\/\"},{\"@type\":\"ListItem\",\"position\":2,\"name\":\"Argentine\"}]},{\"@type\":\"WebSite\",\"@id\":\"https:\\\/\\\/coucevineyards.com\\\/#website\",\"url\":\"https:\\\/\\\/coucevineyards.com\\\/\",\"name\":\"coucevineyards.com\",\"description\":\"\",\"publisher\":{\"@id\":\"https:\\\/\\\/coucevineyards.com\\\/#organization\"},\"potentialAction\":[{\"@type\":\"SearchAction\",\"target\":{\"@type\":\"EntryPoint\",\"urlTemplate\":\"https:\\\/\\\/coucevineyards.com\\\/?s={search_term_string}\"},\"query-input\":{\"@type\":\"PropertyValueSpecification\",\"valueRequired\":true,\"valueName\":\"search_term_string\"}}],\"inLanguage\":\"es-AR\"},{\"@type\":\"Organization\",\"@id\":\"https:\\\/\\\/coucevineyards.com\\\/#organization\",\"name\":\"Couce Vineyards\",\"url\":\"https:\\\/\\\/coucevineyards.com\\\/\",\"logo\":{\"@type\":\"ImageObject\",\"inLanguage\":\"es-AR\",\"@id\":\"https:\\\/\\\/coucevineyards.com\\\/#\\\/schema\\\/logo\\\/image\\\/\",\"url\":\"https:\\\/\\\/coucevineyards.com\\\/wp-content\\\/uploads\\\/2023\\\/05\\\/logo-2.png\",\"contentUrl\":\"https:\\\/\\\/coucevineyards.com\\\/wp-content\\\/uploads\\\/2023\\\/05\\\/logo-2.png\",\"width\":600,\"height\":496,\"caption\":\"Couce Vineyards\"},\"image\":{\"@id\":\"https:\\\/\\\/coucevineyards.com\\\/#\\\/schema\\\/logo\\\/image\\\/\"},\"sameAs\":[\"https:\\\/\\\/www.instagram.com\\\/coucevineyards\\\/\",\"https:\\\/\\\/www.linkedin.com\\\/company\\\/couce-vineyards\\\/?viewAsMember=true\"]}]}<\/script>\n<!-- \/ Yoast SEO plugin. -->","yoast_head_json":{"title":"Argentine - Couce Vineyards","robots":{"index":"index","follow":"follow","max-snippet":"max-snippet:-1","max-image-preview":"max-image-preview:large","max-video-preview":"max-video-preview:-1"},"canonical":"https:\/\/coucevineyards.com\/es\/argentine\/","og_locale":"es_ES","og_type":"article","og_title":"Argentine - Couce Vineyards","og_description":"Abon\u00e1 tu pedido con las principales tarjetas de cr\u00e9dito y d\u00e9bito del pa\u00eds, de forma segura por medio de MercadoPago.Env\u00edos GRATIS en CABA y AMBA Y PILAR en el d\u00eda si compras antes de las 14 hs. de lunes a viernes.info@coucevineyards.com Whatsapp\u00a0+54 9 11 5892-0105BEBER CON MODERACI\u00d3N. PROHIBIDA SU VENTA A MENORES DE 18 A\u00d1OSPreguntas [&hellip;]","og_url":"https:\/\/coucevineyards.com\/es\/argentine\/","og_site_name":"Couce Vineyards","article_modified_time":"2024-11-19T18:42:25+00:00","twitter_card":"summary_large_image","twitter_misc":{"Tiempo de lectura":"7 minutos"},"schema":{"@context":"https:\/\/schema.org","@graph":[{"@type":"WebPage","@id":"https:\/\/coucevineyards.com\/argentine\/","url":"https:\/\/coucevineyards.com\/argentine\/","name":"Argentine - Couce Vineyards","isPartOf":{"@id":"https:\/\/coucevineyards.com\/#website"},"datePublished":"2023-04-28T17:14:46+00:00","dateModified":"2024-11-19T18:42:25+00:00","breadcrumb":{"@id":"https:\/\/coucevineyards.com\/argentine\/#breadcrumb"},"inLanguage":"es-AR","potentialAction":[{"@type":"ReadAction","target":["https:\/\/coucevineyards.com\/argentine\/"]}]},{"@type":"BreadcrumbList","@id":"https:\/\/coucevineyards.com\/argentine\/#breadcrumb","itemListElement":[{"@type":"ListItem","position":1,"name":"Portada","item":"https:\/\/coucevineyards.com\/"},{"@type":"ListItem","position":2,"name":"Argentine"}]},{"@type":"WebSite","@id":"https:\/\/coucevineyards.com\/#website","url":"https:\/\/coucevineyards.com\/","name":"coucevineyards.com","description":"","publisher":{"@id":"https:\/\/coucevineyards.com\/#organization"},"potentialAction":[{"@type":"SearchAction","target":{"@type":"EntryPoint","urlTemplate":"https:\/\/coucevineyards.com\/?s={search_term_string}"},"query-input":{"@type":"PropertyValueSpecification","valueRequired":true,"valueName":"search_term_string"}}],"inLanguage":"es-AR"},{"@type":"Organization","@id":"https:\/\/coucevineyards.com\/#organization","name":"Couce Vineyards","url":"https:\/\/coucevineyards.com\/","logo":{"@type":"ImageObject","inLanguage":"es-AR","@id":"https:\/\/coucevineyards.com\/#\/schema\/logo\/image\/","url":"https:\/\/coucevineyards.com\/wp-content\/uploads\/2023\/05\/logo-2.png","contentUrl":"https:\/\/coucevineyards.com\/wp-content\/uploads\/2023\/05\/logo-2.png","width":600,"height":496,"caption":"Couce Vineyards"},"image":{"@id":"https:\/\/coucevineyards.com\/#\/schema\/logo\/image\/"},"sameAs":["https:\/\/www.instagram.com\/coucevineyards\/","https:\/\/www.linkedin.com\/company\/couce-vineyards\/?viewAsMember=true"]}]}},"_links":{"self":[{"href":"https:\/\/coucevineyards.com\/es\/wp-json\/wp\/v2\/pages\/192","targetHints":{"allow":["GET"]}}],"collection":[{"href":"https:\/\/coucevineyards.com\/es\/wp-json\/wp\/v2\/pages"}],"about":[{"href":"https:\/\/coucevineyards.com\/es\/wp-json\/wp\/v2\/types\/page"}],"author":[{"embeddable":true,"href":"https:\/\/coucevineyards.com\/es\/wp-json\/wp\/v2\/users\/1"}],"replies":[{"embeddable":true,"href":"https:\/\/coucevineyards.com\/es\/wp-json\/wp\/v2\/comments?post=192"}],"version-history":[{"count":34,"href":"https:\/\/coucevineyards.com\/es\/wp-json\/wp\/v2\/pages\/192\/revisions"}],"predecessor-version":[{"id":739,"href":"https:\/\/coucevineyards.com\/es\/wp-json\/wp\/v2\/pages\/192\/revisions\/739"}],"wp:attachment":[{"href":"https:\/\/coucevineyards.com\/es\/wp-json\/wp\/v2\/media?parent=192"}],"curies":[{"name":"wp","href":"https:\/\/api.w.org\/{rel}","templated":true}]}}