{"id":195,"date":"2023-04-28T17:15:14","date_gmt":"2023-04-28T17:15:14","guid":{"rendered":"https:\/\/coucevineyards.com\/?post_type=product&#038;p=195"},"modified":"2025-11-03T16:55:59","modified_gmt":"2025-11-03T16:55:59","slug":"alegra-reserva-malbec-2020-750-ml-x-3-bottles","status":"publish","type":"product","link":"https:\/\/coucevineyards.com\/es\/producto\/alegra-reserva-malbec-2020-750-ml-x-3-bottles\/","title":{"rendered":"ALEGRA RESERVA MALBEC 2021 750 ML X 6 BOTELLAS"},"content":{"rendered":"<p><strong>NOTAS DEL EN\u00d3LOGO:<\/strong><br \/>\nEste vino ofrece taninos aterciopelados y un final complejo.<\/p>\n<p><strong>COMPOSICION VARIETAL:<\/strong><br \/>\n86% Malbec, 14% Cabernet Franc<\/p>\n<p><strong>ACIDEZ:<\/strong> 5g\/l<\/p>\n<p><strong>RESERVA: <\/strong>2021<\/p>\n<p><strong>ORIGEN:<\/strong> Los Chacayes \u2013 Valle de Uco \u2013 Mendoza<\/p>\n<p><strong>CRIANZA:<\/strong> 22 meses en barrica de roble franc\u00e9s de primer uso<\/p>\n<p><strong>TEMPERATURA DE SERVICIO:<\/strong> 16\u201318 \u00baC<\/p>\n<p><strong>COLOR:<\/strong> Rojo rub\u00ed oscuro con reflejos viol\u00e1ceos.<\/p>\n<p><strong>CLIMA:<\/strong> Influenciado por la Cordillera de los Andes, el clima de esta regi\u00f3n es continental, con veranos calurosos y largos e inviernos fr\u00edos.<\/p>\n<p><strong>PALADAR:<\/strong> En boca destaca su car\u00e1cter afrutado, con acidez equilibrada, taninos aterciopelados y un final complejo y persistente con notas de tabaco, vainilla y chocolate negro de su paso por roble franc\u00e9s.<\/p>\n<p><strong>AROMA:<\/strong> En nariz presenta notas de frutas negras y rojas, ciruelas, cereza negra, moras y notas especiadas de pimienta negra y blanca.<br \/>\npepper.<\/p>","protected":false},"excerpt":{"rendered":"<p>Alegra es m\u00e1s grande que la suma de sus partes. Es la mezcla de culturas, olores y sensaciones de todo el mundo en busca de la mejor versi\u00f3n entre lo racional y la pasi\u00f3n. Alamela es la uni\u00f3n gen\u00e9tica de los mejores elementos. Representa la fraternidad y la complicidad en la b\u00fasqueda de la felicidad. Al igual que Alan &amp; Melanie, este vino simboliza la juventud, la determinaci\u00f3n de explorar oportunidades, la espontaneidad para descubrir el mundo. Alamela es la fraternidad que te lleva a momentos inolvidables, esos momentos que siempre querr\u00e1s volver a vivir.<\/p>","protected":false},"featured_media":714,"template":"","meta":{"_et_pb_use_builder":"","_et_pb_old_content":"","_et_gb_content_width":"","_joinchat":[]},"product_brand":[],"product_cat":[23],"product_tag":[],"class_list":{"0":"post-195","1":"product","2":"type-product","3":"status-publish","4":"has-post-thumbnail","6":"product_cat-wines","8":"first","9":"instock","10":"taxable","11":"shipping-taxable","12":"purchasable","13":"product-type-simple"},"yoast_head":"<!-- This site is optimized with the Yoast SEO plugin v27.5 - https:\/\/yoast.com\/product\/yoast-seo-wordpress\/ -->\n<title>ALEGRA RESERVA MALBEC 2021 750 ML X 6 BOTELLAS - Couce Vineyards<\/title>\n<meta name=\"robots\" content=\"index, follow, max-snippet:-1, max-image-preview:large, max-video-preview:-1\" \/>\n<link rel=\"canonical\" href=\"https:\/\/coucevineyards.com\/es\/producto\/alegra-reserva-malbec-2020-750-ml-x-3-bottles\/\" \/>\n<meta property=\"og:locale\" content=\"es_ES\" \/>\n<meta property=\"og:type\" content=\"article\" \/>\n<meta property=\"og:title\" content=\"ALEGRA RESERVA MALBEC 2021 750 ML X 6 BOTELLAS - Couce Vineyards\" \/>\n<meta property=\"og:description\" content=\"Alegra es m\u00e1s grande que la suma de sus partes. Es la mezcla de culturas, olores y sensaciones de todo el mundo en busca de la mejor versi\u00f3n entre lo racional y la pasi\u00f3n. Alamela es la uni\u00f3n gen\u00e9tica de los mejores elementos. Representa la fraternidad y la complicidad en la b\u00fasqueda de la felicidad. Al igual que Alan &amp; Melanie, este vino simboliza la juventud, la determinaci\u00f3n de explorar oportunidades, la espontaneidad para descubrir el mundo. Alamela es la fraternidad que te lleva a momentos inolvidables, esos momentos que siempre querr\u00e1s volver a vivir.\" \/>\n<meta property=\"og:url\" content=\"https:\/\/coucevineyards.com\/es\/producto\/alegra-reserva-malbec-2020-750-ml-x-3-bottles\/\" \/>\n<meta property=\"og:site_name\" content=\"Couce Vineyards\" \/>\n<meta property=\"article:modified_time\" content=\"2025-11-03T16:55:59+00:00\" \/>\n<meta property=\"og:image\" content=\"https:\/\/coucevineyards.com\/wp-content\/uploads\/2023\/04\/packx6-1-1024x1024.png\" \/>\n\t<meta property=\"og:image:width\" content=\"1024\" \/>\n\t<meta property=\"og:image:height\" content=\"1024\" \/>\n\t<meta property=\"og:image:type\" content=\"image\/png\" \/>\n<meta name=\"twitter:card\" content=\"summary_large_image\" \/>\n<meta name=\"twitter:label1\" content=\"Tiempo de lectura\" \/>\n\t<meta name=\"twitter:data1\" content=\"1 minuto\" \/>\n<script type=\"application\/ld+json\" class=\"yoast-schema-graph\">{\"@context\":\"https:\\\/\\\/schema.org\",\"@graph\":[{\"@type\":\"WebPage\",\"@id\":\"https:\\\/\\\/coucevineyards.com\\\/producto\\\/alegra-reserva-malbec-2020-750-ml-x-3-bottles\\\/\",\"url\":\"https:\\\/\\\/coucevineyards.com\\\/producto\\\/alegra-reserva-malbec-2020-750-ml-x-3-bottles\\\/\",\"name\":\"ALEGRA RESERVA MALBEC 2021 750 ML X 6 BOTELLAS - Couce Vineyards\",\"isPartOf\":{\"@id\":\"https:\\\/\\\/coucevineyards.com\\\/#website\"},\"primaryImageOfPage\":{\"@id\":\"https:\\\/\\\/coucevineyards.com\\\/producto\\\/alegra-reserva-malbec-2020-750-ml-x-3-bottles\\\/#primaryimage\"},\"image\":{\"@id\":\"https:\\\/\\\/coucevineyards.com\\\/producto\\\/alegra-reserva-malbec-2020-750-ml-x-3-bottles\\\/#primaryimage\"},\"thumbnailUrl\":\"https:\\\/\\\/coucevineyards.com\\\/wp-content\\\/uploads\\\/2023\\\/04\\\/packx6-1.png\",\"datePublished\":\"2023-04-28T17:15:14+00:00\",\"dateModified\":\"2025-11-03T16:55:59+00:00\",\"breadcrumb\":{\"@id\":\"https:\\\/\\\/coucevineyards.com\\\/producto\\\/alegra-reserva-malbec-2020-750-ml-x-3-bottles\\\/#breadcrumb\"},\"inLanguage\":\"es-AR\",\"potentialAction\":[{\"@type\":\"ReadAction\",\"target\":[\"https:\\\/\\\/coucevineyards.com\\\/producto\\\/alegra-reserva-malbec-2020-750-ml-x-3-bottles\\\/\"]}]},{\"@type\":\"ImageObject\",\"inLanguage\":\"es-AR\",\"@id\":\"https:\\\/\\\/coucevineyards.com\\\/producto\\\/alegra-reserva-malbec-2020-750-ml-x-3-bottles\\\/#primaryimage\",\"url\":\"https:\\\/\\\/coucevineyards.com\\\/wp-content\\\/uploads\\\/2023\\\/04\\\/packx6-1.png\",\"contentUrl\":\"https:\\\/\\\/coucevineyards.com\\\/wp-content\\\/uploads\\\/2023\\\/04\\\/packx6-1.png\",\"width\":1700,\"height\":1700},{\"@type\":\"BreadcrumbList\",\"@id\":\"https:\\\/\\\/coucevineyards.com\\\/producto\\\/alegra-reserva-malbec-2020-750-ml-x-3-bottles\\\/#breadcrumb\",\"itemListElement\":[{\"@type\":\"ListItem\",\"position\":1,\"name\":\"Portada\",\"item\":\"https:\\\/\\\/coucevineyards.com\\\/\"},{\"@type\":\"ListItem\",\"position\":2,\"name\":\"Shop\",\"item\":\"https:\\\/\\\/coucevineyards.com\\\/shop\\\/\"},{\"@type\":\"ListItem\",\"position\":3,\"name\":\"ALEGRA RESERVA MALBEC 2021 750 ML X 6 BOTELLAS\"}]},{\"@type\":\"WebSite\",\"@id\":\"https:\\\/\\\/coucevineyards.com\\\/#website\",\"url\":\"https:\\\/\\\/coucevineyards.com\\\/\",\"name\":\"coucevineyards.com\",\"description\":\"\",\"publisher\":{\"@id\":\"https:\\\/\\\/coucevineyards.com\\\/#organization\"},\"potentialAction\":[{\"@type\":\"SearchAction\",\"target\":{\"@type\":\"EntryPoint\",\"urlTemplate\":\"https:\\\/\\\/coucevineyards.com\\\/?s={search_term_string}\"},\"query-input\":{\"@type\":\"PropertyValueSpecification\",\"valueRequired\":true,\"valueName\":\"search_term_string\"}}],\"inLanguage\":\"es-AR\"},{\"@type\":\"Organization\",\"@id\":\"https:\\\/\\\/coucevineyards.com\\\/#organization\",\"name\":\"Couce Vineyards\",\"url\":\"https:\\\/\\\/coucevineyards.com\\\/\",\"logo\":{\"@type\":\"ImageObject\",\"inLanguage\":\"es-AR\",\"@id\":\"https:\\\/\\\/coucevineyards.com\\\/#\\\/schema\\\/logo\\\/image\\\/\",\"url\":\"https:\\\/\\\/coucevineyards.com\\\/wp-content\\\/uploads\\\/2023\\\/05\\\/logo-2.png\",\"contentUrl\":\"https:\\\/\\\/coucevineyards.com\\\/wp-content\\\/uploads\\\/2023\\\/05\\\/logo-2.png\",\"width\":600,\"height\":496,\"caption\":\"Couce Vineyards\"},\"image\":{\"@id\":\"https:\\\/\\\/coucevineyards.com\\\/#\\\/schema\\\/logo\\\/image\\\/\"},\"sameAs\":[\"https:\\\/\\\/www.instagram.com\\\/coucevineyards\\\/\",\"https:\\\/\\\/www.linkedin.com\\\/company\\\/couce-vineyards\\\/?viewAsMember=true\"]}]}<\/script>\n<!-- \/ Yoast SEO plugin. -->","yoast_head_json":{"title":"ALEGRA RESERVA MALBEC 2021 750 ML X 6 BOTELLAS - Couce Vineyards","robots":{"index":"index","follow":"follow","max-snippet":"max-snippet:-1","max-image-preview":"max-image-preview:large","max-video-preview":"max-video-preview:-1"},"canonical":"https:\/\/coucevineyards.com\/es\/producto\/alegra-reserva-malbec-2020-750-ml-x-3-bottles\/","og_locale":"es_ES","og_type":"article","og_title":"ALEGRA RESERVA MALBEC 2021 750 ML X 6 BOTELLAS - Couce Vineyards","og_description":"Alegra es m\u00e1s grande que la suma de sus partes. Es la mezcla de culturas, olores y sensaciones de todo el mundo en busca de la mejor versi\u00f3n entre lo racional y la pasi\u00f3n. Alamela es la uni\u00f3n gen\u00e9tica de los mejores elementos. Representa la fraternidad y la complicidad en la b\u00fasqueda de la felicidad. Al igual que Alan &amp; Melanie, este vino simboliza la juventud, la determinaci\u00f3n de explorar oportunidades, la espontaneidad para descubrir el mundo. Alamela es la fraternidad que te lleva a momentos inolvidables, esos momentos que siempre querr\u00e1s volver a vivir.","og_url":"https:\/\/coucevineyards.com\/es\/producto\/alegra-reserva-malbec-2020-750-ml-x-3-bottles\/","og_site_name":"Couce Vineyards","article_modified_time":"2025-11-03T16:55:59+00:00","og_image":[{"width":1024,"height":1024,"url":"https:\/\/coucevineyards.com\/wp-content\/uploads\/2023\/04\/packx6-1-1024x1024.png","type":"image\/png"}],"twitter_card":"summary_large_image","twitter_misc":{"Tiempo de lectura":"1 minuto"},"schema":{"@context":"https:\/\/schema.org","@graph":[{"@type":"WebPage","@id":"https:\/\/coucevineyards.com\/producto\/alegra-reserva-malbec-2020-750-ml-x-3-bottles\/","url":"https:\/\/coucevineyards.com\/producto\/alegra-reserva-malbec-2020-750-ml-x-3-bottles\/","name":"ALEGRA RESERVA MALBEC 2021 750 ML X 6 BOTELLAS - Couce Vineyards","isPartOf":{"@id":"https:\/\/coucevineyards.com\/#website"},"primaryImageOfPage":{"@id":"https:\/\/coucevineyards.com\/producto\/alegra-reserva-malbec-2020-750-ml-x-3-bottles\/#primaryimage"},"image":{"@id":"https:\/\/coucevineyards.com\/producto\/alegra-reserva-malbec-2020-750-ml-x-3-bottles\/#primaryimage"},"thumbnailUrl":"https:\/\/coucevineyards.com\/wp-content\/uploads\/2023\/04\/packx6-1.png","datePublished":"2023-04-28T17:15:14+00:00","dateModified":"2025-11-03T16:55:59+00:00","breadcrumb":{"@id":"https:\/\/coucevineyards.com\/producto\/alegra-reserva-malbec-2020-750-ml-x-3-bottles\/#breadcrumb"},"inLanguage":"es-AR","potentialAction":[{"@type":"ReadAction","target":["https:\/\/coucevineyards.com\/producto\/alegra-reserva-malbec-2020-750-ml-x-3-bottles\/"]}]},{"@type":"ImageObject","inLanguage":"es-AR","@id":"https:\/\/coucevineyards.com\/producto\/alegra-reserva-malbec-2020-750-ml-x-3-bottles\/#primaryimage","url":"https:\/\/coucevineyards.com\/wp-content\/uploads\/2023\/04\/packx6-1.png","contentUrl":"https:\/\/coucevineyards.com\/wp-content\/uploads\/2023\/04\/packx6-1.png","width":1700,"height":1700},{"@type":"BreadcrumbList","@id":"https:\/\/coucevineyards.com\/producto\/alegra-reserva-malbec-2020-750-ml-x-3-bottles\/#breadcrumb","itemListElement":[{"@type":"ListItem","position":1,"name":"Portada","item":"https:\/\/coucevineyards.com\/"},{"@type":"ListItem","position":2,"name":"Shop","item":"https:\/\/coucevineyards.com\/shop\/"},{"@type":"ListItem","position":3,"name":"ALEGRA RESERVA MALBEC 2021 750 ML X 6 BOTELLAS"}]},{"@type":"WebSite","@id":"https:\/\/coucevineyards.com\/#website","url":"https:\/\/coucevineyards.com\/","name":"coucevineyards.com","description":"","publisher":{"@id":"https:\/\/coucevineyards.com\/#organization"},"potentialAction":[{"@type":"SearchAction","target":{"@type":"EntryPoint","urlTemplate":"https:\/\/coucevineyards.com\/?s={search_term_string}"},"query-input":{"@type":"PropertyValueSpecification","valueRequired":true,"valueName":"search_term_string"}}],"inLanguage":"es-AR"},{"@type":"Organization","@id":"https:\/\/coucevineyards.com\/#organization","name":"Couce Vineyards","url":"https:\/\/coucevineyards.com\/","logo":{"@type":"ImageObject","inLanguage":"es-AR","@id":"https:\/\/coucevineyards.com\/#\/schema\/logo\/image\/","url":"https:\/\/coucevineyards.com\/wp-content\/uploads\/2023\/05\/logo-2.png","contentUrl":"https:\/\/coucevineyards.com\/wp-content\/uploads\/2023\/05\/logo-2.png","width":600,"height":496,"caption":"Couce Vineyards"},"image":{"@id":"https:\/\/coucevineyards.com\/#\/schema\/logo\/image\/"},"sameAs":["https:\/\/www.instagram.com\/coucevineyards\/","https:\/\/www.linkedin.com\/company\/couce-vineyards\/?viewAsMember=true"]}]}},"_links":{"self":[{"href":"https:\/\/coucevineyards.com\/es\/wp-json\/wp\/v2\/product\/195","targetHints":{"allow":["GET"]}}],"collection":[{"href":"https:\/\/coucevineyards.com\/es\/wp-json\/wp\/v2\/product"}],"about":[{"href":"https:\/\/coucevineyards.com\/es\/wp-json\/wp\/v2\/types\/product"}],"wp:featuredmedia":[{"embeddable":true,"href":"https:\/\/coucevineyards.com\/es\/wp-json\/wp\/v2\/media\/714"}],"wp:attachment":[{"href":"https:\/\/coucevineyards.com\/es\/wp-json\/wp\/v2\/media?parent=195"}],"wp:term":[{"taxonomy":"product_brand","embeddable":true,"href":"https:\/\/coucevineyards.com\/es\/wp-json\/wp\/v2\/product_brand?post=195"},{"taxonomy":"product_cat","embeddable":true,"href":"https:\/\/coucevineyards.com\/es\/wp-json\/wp\/v2\/product_cat?post=195"},{"taxonomy":"product_tag","embeddable":true,"href":"https:\/\/coucevineyards.com\/es\/wp-json\/wp\/v2\/product_tag?post=195"}],"curies":[{"name":"wp","href":"https:\/\/api.w.org\/{rel}","templated":true}]}}